{"id":7807,"date":"2024-07-25T09:17:05","date_gmt":"2024-07-25T09:17:05","guid":{"rendered":"https:\/\/ventdesud-biarritz.fr\/?post_type=product&#038;p=7807"},"modified":"2024-09-12T09:02:59","modified_gmt":"2024-09-12T09:02:59","slug":"fouta-natte-bleu-marine-2","status":"publish","type":"product","link":"https:\/\/ventdesud-biarritz.fr\/en\/product\/fouta-natte-bleu-marine-2\/","title":{"rendered":"Fouta Natt\u00e9 (Bleu marine)"},"content":{"rendered":"<p>Fil coton recycl\u00e9 certifi\u00e9 OEKO-TEX<\/p>","protected":false},"excerpt":{"rendered":"<div>100% coton recycl\u00e9 190gr\u00a0&#8211; Fouta Paul &#8211; alternance rayures larges bandes et fines rayures &#8211; tissage \u00e0 plat 200x100cm<\/div>\n<div><\/div>","protected":false},"featured_media":2663,"comment_status":"open","ping_status":"closed","template":"","meta":{"_acf_changed":false},"product_brand":[],"product_cat":[93,336],"product_tag":[],"class_list":{"0":"post-7807","1":"product","2":"type-product","3":"status-publish","4":"has-post-thumbnail","6":"product_cat-fouta","7":"product_cat-foutas-natte","9":"first","10":"instock","11":"taxable","12":"shipping-taxable","13":"purchasable","14":"product-type-simple"},"acf":[],"_links":{"self":[{"href":"https:\/\/ventdesud-biarritz.fr\/en\/wp-json\/wp\/v2\/product\/7807","targetHints":{"allow":["GET"]}}],"collection":[{"href":"https:\/\/ventdesud-biarritz.fr\/en\/wp-json\/wp\/v2\/product"}],"about":[{"href":"https:\/\/ventdesud-biarritz.fr\/en\/wp-json\/wp\/v2\/types\/product"}],"replies":[{"embeddable":true,"href":"https:\/\/ventdesud-biarritz.fr\/en\/wp-json\/wp\/v2\/comments?post=7807"}],"version-history":[{"count":1,"href":"https:\/\/ventdesud-biarritz.fr\/en\/wp-json\/wp\/v2\/product\/7807\/revisions"}],"predecessor-version":[{"id":7817,"href":"https:\/\/ventdesud-biarritz.fr\/en\/wp-json\/wp\/v2\/product\/7807\/revisions\/7817"}],"wp:featuredmedia":[{"embeddable":true,"href":"https:\/\/ventdesud-biarritz.fr\/en\/wp-json\/wp\/v2\/media\/2663"}],"wp:attachment":[{"href":"https:\/\/ventdesud-biarritz.fr\/en\/wp-json\/wp\/v2\/media?parent=7807"}],"wp:term":[{"taxonomy":"product_brand","embeddable":true,"href":"https:\/\/ventdesud-biarritz.fr\/en\/wp-json\/wp\/v2\/product_brand?post=7807"},{"taxonomy":"product_cat","embeddable":true,"href":"https:\/\/ventdesud-biarritz.fr\/en\/wp-json\/wp\/v2\/product_cat?post=7807"},{"taxonomy":"product_tag","embeddable":true,"href":"https:\/\/ventdesud-biarritz.fr\/en\/wp-json\/wp\/v2\/product_tag?post=7807"}],"curies":[{"name":"wp","href":"https:\/\/api.w.org\/{rel}","templated":true}]}}