{"id":7795,"date":"2024-07-25T09:10:56","date_gmt":"2024-07-25T09:10:56","guid":{"rendered":"https:\/\/ventdesud-biarritz.fr\/?post_type=product&#038;p=7795"},"modified":"2024-09-12T09:02:58","modified_gmt":"2024-09-12T09:02:58","slug":"fouta-mariniere-rouge","status":"publish","type":"product","link":"https:\/\/ventdesud-biarritz.fr\/en\/product\/fouta-mariniere-rouge\/","title":{"rendered":"Fouta Marini\u00e8re &#8211; Rouge"},"content":{"rendered":"<p>Fil coton recycl\u00e9 certifi\u00e9 OEKO-TEX<\/p>","protected":false},"excerpt":{"rendered":"<p>100% coton recycl\u00e9 190gr &#8211; Fouta\u00a0nid d&rsquo;abeille ray\u00e9e, style \u00ab\u00a0marini\u00e8re\u00a0\u00bb<\/p>","protected":false},"featured_media":7796,"comment_status":"open","ping_status":"closed","template":"","meta":{"_acf_changed":false},"product_brand":[],"product_cat":[93,335],"product_tag":[],"class_list":{"0":"post-7795","1":"product","2":"type-product","3":"status-publish","4":"has-post-thumbnail","6":"product_cat-fouta","7":"product_cat-mariniere","9":"first","10":"instock","11":"taxable","12":"shipping-taxable","13":"purchasable","14":"product-type-simple"},"acf":[],"_links":{"self":[{"href":"https:\/\/ventdesud-biarritz.fr\/en\/wp-json\/wp\/v2\/product\/7795","targetHints":{"allow":["GET"]}}],"collection":[{"href":"https:\/\/ventdesud-biarritz.fr\/en\/wp-json\/wp\/v2\/product"}],"about":[{"href":"https:\/\/ventdesud-biarritz.fr\/en\/wp-json\/wp\/v2\/types\/product"}],"replies":[{"embeddable":true,"href":"https:\/\/ventdesud-biarritz.fr\/en\/wp-json\/wp\/v2\/comments?post=7795"}],"version-history":[{"count":1,"href":"https:\/\/ventdesud-biarritz.fr\/en\/wp-json\/wp\/v2\/product\/7795\/revisions"}],"predecessor-version":[{"id":7797,"href":"https:\/\/ventdesud-biarritz.fr\/en\/wp-json\/wp\/v2\/product\/7795\/revisions\/7797"}],"wp:featuredmedia":[{"embeddable":true,"href":"https:\/\/ventdesud-biarritz.fr\/en\/wp-json\/wp\/v2\/media\/7796"}],"wp:attachment":[{"href":"https:\/\/ventdesud-biarritz.fr\/en\/wp-json\/wp\/v2\/media?parent=7795"}],"wp:term":[{"taxonomy":"product_brand","embeddable":true,"href":"https:\/\/ventdesud-biarritz.fr\/en\/wp-json\/wp\/v2\/product_brand?post=7795"},{"taxonomy":"product_cat","embeddable":true,"href":"https:\/\/ventdesud-biarritz.fr\/en\/wp-json\/wp\/v2\/product_cat?post=7795"},{"taxonomy":"product_tag","embeddable":true,"href":"https:\/\/ventdesud-biarritz.fr\/en\/wp-json\/wp\/v2\/product_tag?post=7795"}],"curies":[{"name":"wp","href":"https:\/\/api.w.org\/{rel}","templated":true}]}}