{"id":4389,"date":"2024-06-04T09:58:47","date_gmt":"2024-06-04T09:58:47","guid":{"rendered":"https:\/\/ventdesud-biarritz.fr\/?post_type=product&#038;p=4389"},"modified":"2026-04-23T08:06:09","modified_gmt":"2026-04-23T08:06:09","slug":"coussin-de-plage-gonflable-nyali","status":"publish","type":"product","link":"https:\/\/ventdesud-biarritz.fr\/en\/product\/coussin-de-plage-gonflable-nyali\/","title":{"rendered":"Coussin de plage gonflable &#8211; Nyali"},"content":{"rendered":"<p>Kikoy 100% coton et plastique<\/p>","protected":false},"excerpt":{"rendered":"<p>Le Coussin de bain de Simone et Georges r\u00e9volutionne les siestes sur la plage : une taie d&rsquo;oreiller en Kikoy (100% coton peign\u00e9) fabriqu\u00e9 au Kenya fournie avec son coussin gonflable dans une petite pochette pratique pour emporter partout.<\/p>","protected":false},"featured_media":4413,"comment_status":"open","ping_status":"closed","template":"","meta":{"_acf_changed":false},"product_brand":[],"product_cat":[18,92],"product_tag":[],"class_list":{"0":"post-4389","1":"product","2":"type-product","3":"status-publish","4":"has-post-thumbnail","6":"product_cat-plage","7":"product_cat-coussins","9":"first","10":"instock","11":"taxable","12":"shipping-taxable","13":"purchasable","14":"product-type-simple"},"acf":[],"_links":{"self":[{"href":"https:\/\/ventdesud-biarritz.fr\/en\/wp-json\/wp\/v2\/product\/4389","targetHints":{"allow":["GET"]}}],"collection":[{"href":"https:\/\/ventdesud-biarritz.fr\/en\/wp-json\/wp\/v2\/product"}],"about":[{"href":"https:\/\/ventdesud-biarritz.fr\/en\/wp-json\/wp\/v2\/types\/product"}],"replies":[{"embeddable":true,"href":"https:\/\/ventdesud-biarritz.fr\/en\/wp-json\/wp\/v2\/comments?post=4389"}],"version-history":[{"count":1,"href":"https:\/\/ventdesud-biarritz.fr\/en\/wp-json\/wp\/v2\/product\/4389\/revisions"}],"predecessor-version":[{"id":4416,"href":"https:\/\/ventdesud-biarritz.fr\/en\/wp-json\/wp\/v2\/product\/4389\/revisions\/4416"}],"wp:featuredmedia":[{"embeddable":true,"href":"https:\/\/ventdesud-biarritz.fr\/en\/wp-json\/wp\/v2\/media\/4413"}],"wp:attachment":[{"href":"https:\/\/ventdesud-biarritz.fr\/en\/wp-json\/wp\/v2\/media?parent=4389"}],"wp:term":[{"taxonomy":"product_brand","embeddable":true,"href":"https:\/\/ventdesud-biarritz.fr\/en\/wp-json\/wp\/v2\/product_brand?post=4389"},{"taxonomy":"product_cat","embeddable":true,"href":"https:\/\/ventdesud-biarritz.fr\/en\/wp-json\/wp\/v2\/product_cat?post=4389"},{"taxonomy":"product_tag","embeddable":true,"href":"https:\/\/ventdesud-biarritz.fr\/en\/wp-json\/wp\/v2\/product_tag?post=4389"}],"curies":[{"name":"wp","href":"https:\/\/api.w.org\/{rel}","templated":true}]}}