{"id":3613,"date":"2024-05-06T20:21:24","date_gmt":"2024-05-06T20:21:24","guid":{"rendered":"https:\/\/ventdesud-biarritz.fr\/?post_type=product&#038;p=3613"},"modified":"2024-08-02T15:16:39","modified_gmt":"2024-08-02T15:16:39","slug":"housse-de-couette-palace-neige","status":"publish","type":"product","link":"https:\/\/ventdesud-biarritz.fr\/en\/product\/housse-de-couette-palace-neige\/","title":{"rendered":"Housse de couette &#8211; Palace &#8211; Neige"},"content":{"rendered":"<div class=\"prodtxttitreinfo\">INSTRUCTION DE LAVAGE<\/div>\n<div class=\"prodtxtinfo\">\n<p><img loading=\"lazy\" decoding=\"async\" src=\"https:\/\/www.ventdusud.com\/img\/instructions\/l60n.jpg\" width=\"30\" height=\"20\" \/>\u00a0Lavage Normal 60\u00b0 Maxi<\/p>\n<p><img loading=\"lazy\" decoding=\"async\" src=\"https:\/\/www.ventdusud.com\/img\/instructions\/bi.jpg\" width=\"30\" height=\"21\" \/>\u00a0Blanchiment interdit<\/p>\n<p><img loading=\"lazy\" decoding=\"async\" src=\"https:\/\/www.ventdusud.com\/img\/instructions\/stm.jpg\" width=\"30\" height=\"20\" \/>\u00a0S\u00e9chage Tambour mod\u00e9r\u00e9<\/p>\n<p><img loading=\"lazy\" decoding=\"async\" src=\"https:\/\/www.ventdusud.com\/img\/instructions\/rm150.jpg\" width=\"30\" height=\"20\" \/>\u00a0Repassage 150\u00b0 Maxi<\/p>\n<p><img loading=\"lazy\" decoding=\"async\" src=\"https:\/\/www.ventdusud.com\/img\/instructions\/npsn.jpg\" width=\"30\" height=\"22\" \/>\u00a0Nettoyage prof. sec normal<\/p>\n<\/div>","protected":false},"excerpt":{"rendered":"<ul>\n<li>\n<div class=\"prodtxtcomposition\">100% coton lav\u00e9 125 g\/m\u00b2<\/div>\n<\/li>\n<li>\n<div class=\"prodtxtcomposition\">100% coton teint lav\u00e9 &#8211; 63 fils\/cm\u00b2 &#8211; forme bouteille<\/div>\n<\/li>\n<\/ul>","protected":false},"featured_media":3694,"comment_status":"open","ping_status":"closed","template":"","meta":{"_acf_changed":false},"product_brand":[],"product_cat":[17,95,293],"product_tag":[],"class_list":{"0":"post-3613","1":"product","2":"type-product","3":"status-publish","4":"has-post-thumbnail","6":"product_cat-linge-de-lit","7":"product_cat-housses-de-couette","8":"product_cat-palace-housses-de-couette","10":"first","11":"instock","12":"taxable","13":"shipping-taxable","14":"purchasable","15":"product-type-variable"},"acf":[],"_links":{"self":[{"href":"https:\/\/ventdesud-biarritz.fr\/en\/wp-json\/wp\/v2\/product\/3613","targetHints":{"allow":["GET"]}}],"collection":[{"href":"https:\/\/ventdesud-biarritz.fr\/en\/wp-json\/wp\/v2\/product"}],"about":[{"href":"https:\/\/ventdesud-biarritz.fr\/en\/wp-json\/wp\/v2\/types\/product"}],"replies":[{"embeddable":true,"href":"https:\/\/ventdesud-biarritz.fr\/en\/wp-json\/wp\/v2\/comments?post=3613"}],"version-history":[{"count":3,"href":"https:\/\/ventdesud-biarritz.fr\/en\/wp-json\/wp\/v2\/product\/3613\/revisions"}],"predecessor-version":[{"id":8348,"href":"https:\/\/ventdesud-biarritz.fr\/en\/wp-json\/wp\/v2\/product\/3613\/revisions\/8348"}],"wp:featuredmedia":[{"embeddable":true,"href":"https:\/\/ventdesud-biarritz.fr\/en\/wp-json\/wp\/v2\/media\/3694"}],"wp:attachment":[{"href":"https:\/\/ventdesud-biarritz.fr\/en\/wp-json\/wp\/v2\/media?parent=3613"}],"wp:term":[{"taxonomy":"product_brand","embeddable":true,"href":"https:\/\/ventdesud-biarritz.fr\/en\/wp-json\/wp\/v2\/product_brand?post=3613"},{"taxonomy":"product_cat","embeddable":true,"href":"https:\/\/ventdesud-biarritz.fr\/en\/wp-json\/wp\/v2\/product_cat?post=3613"},{"taxonomy":"product_tag","embeddable":true,"href":"https:\/\/ventdesud-biarritz.fr\/en\/wp-json\/wp\/v2\/product_tag?post=3613"}],"curies":[{"name":"wp","href":"https:\/\/api.w.org\/{rel}","templated":true}]}}