{"id":3045,"date":"2024-05-06T19:18:21","date_gmt":"2024-05-06T19:18:21","guid":{"rendered":"https:\/\/ventdesud-biarritz.fr\/?post_type=product&#038;p=3045"},"modified":"2024-08-02T15:15:48","modified_gmt":"2024-08-02T15:15:48","slug":"housse-de-couette-opera-neige","status":"publish","type":"product","link":"https:\/\/ventdesud-biarritz.fr\/en\/product\/housse-de-couette-opera-neige\/","title":{"rendered":"Housse de couette &#8211; Op\u00e9ra &#8211; Neige"},"content":{"rendered":"<div class=\"prodbtninfo\"><\/div>\n<div id=\"idinfodetail\" class=\"prodinfodetail\">\n<div id=\"idinfodetail0\">\n<div class=\"prodtxttitreinfo\">INSTRUCTION DE LAVAGE<\/div>\n<div class=\"prodtxtinfo\"><img loading=\"lazy\" decoding=\"async\" src=\"https:\/\/www.ventdusud.com\/img\/instructions\/l40n.jpg\" width=\"30\" height=\"20\" \/>\u00a0Lavage Normal 40\u00b0 Maxi<\/p>\n<p><img loading=\"lazy\" decoding=\"async\" src=\"https:\/\/www.ventdusud.com\/img\/instructions\/bi.jpg\" width=\"30\" height=\"21\" \/>\u00a0Blanchiment interdit<\/p>\n<p><img loading=\"lazy\" decoding=\"async\" src=\"https:\/\/www.ventdusud.com\/img\/instructions\/stm.jpg\" width=\"30\" height=\"20\" \/>\u00a0S\u00e9chage Tambour mod\u00e9r\u00e9<\/p>\n<p><img loading=\"lazy\" decoding=\"async\" src=\"https:\/\/www.ventdusud.com\/img\/instructions\/rm150.jpg\" width=\"30\" height=\"20\" \/>\u00a0Repassage 150\u00b0 Maxi<\/p>\n<p><img loading=\"lazy\" decoding=\"async\" src=\"https:\/\/www.ventdusud.com\/img\/instructions\/npsi.jpg\" width=\"30\" height=\"22\" \/>\u00a0Nettoyage prof. sec interdit<\/div>\n<\/div>\n<\/div>","protected":false},"excerpt":{"rendered":"<ul>\n<li>55% lin &#8211; 45% coton<\/li>\n<\/ul>","protected":false},"featured_media":3078,"comment_status":"open","ping_status":"closed","template":"","meta":{"_acf_changed":false},"product_brand":[],"product_cat":[17,95,292],"product_tag":[],"class_list":{"0":"post-3045","1":"product","2":"type-product","3":"status-publish","4":"has-post-thumbnail","6":"product_cat-linge-de-lit","7":"product_cat-housses-de-couette","8":"product_cat-opera-housses-de-couette","10":"first","11":"instock","12":"taxable","13":"shipping-taxable","14":"purchasable","15":"product-type-variable"},"acf":[],"_links":{"self":[{"href":"https:\/\/ventdesud-biarritz.fr\/en\/wp-json\/wp\/v2\/product\/3045","targetHints":{"allow":["GET"]}}],"collection":[{"href":"https:\/\/ventdesud-biarritz.fr\/en\/wp-json\/wp\/v2\/product"}],"about":[{"href":"https:\/\/ventdesud-biarritz.fr\/en\/wp-json\/wp\/v2\/types\/product"}],"replies":[{"embeddable":true,"href":"https:\/\/ventdesud-biarritz.fr\/en\/wp-json\/wp\/v2\/comments?post=3045"}],"version-history":[{"count":1,"href":"https:\/\/ventdesud-biarritz.fr\/en\/wp-json\/wp\/v2\/product\/3045\/revisions"}],"predecessor-version":[{"id":3079,"href":"https:\/\/ventdesud-biarritz.fr\/en\/wp-json\/wp\/v2\/product\/3045\/revisions\/3079"}],"wp:featuredmedia":[{"embeddable":true,"href":"https:\/\/ventdesud-biarritz.fr\/en\/wp-json\/wp\/v2\/media\/3078"}],"wp:attachment":[{"href":"https:\/\/ventdesud-biarritz.fr\/en\/wp-json\/wp\/v2\/media?parent=3045"}],"wp:term":[{"taxonomy":"product_brand","embeddable":true,"href":"https:\/\/ventdesud-biarritz.fr\/en\/wp-json\/wp\/v2\/product_brand?post=3045"},{"taxonomy":"product_cat","embeddable":true,"href":"https:\/\/ventdesud-biarritz.fr\/en\/wp-json\/wp\/v2\/product_cat?post=3045"},{"taxonomy":"product_tag","embeddable":true,"href":"https:\/\/ventdesud-biarritz.fr\/en\/wp-json\/wp\/v2\/product_tag?post=3045"}],"curies":[{"name":"wp","href":"https:\/\/api.w.org\/{rel}","templated":true}]}}