{"id":2474,"date":"2024-05-02T09:27:58","date_gmt":"2024-05-02T09:27:58","guid":{"rendered":"https:\/\/ventdesud-biarritz.fr\/?post_type=product&#038;p=2474"},"modified":"2024-08-02T15:15:28","modified_gmt":"2024-08-02T15:15:28","slug":"foulard-en-coton-kikoy-nyali","status":"publish","type":"product","link":"https:\/\/ventdesud-biarritz.fr\/en\/product\/foulard-en-coton-kikoy-nyali\/","title":{"rendered":"Foulard en coton Kikoy &#8211; Nyali"},"content":{"rendered":"","protected":false},"excerpt":{"rendered":"<p>Notre foulard est fabriqu\u00e9 avec du Kikoy 100% coton peign\u00e9. Gr\u00e2ce \u00e0 sa l\u00e9g\u00e8ret\u00e9 et sa douceur, il est tr\u00e8s agr\u00e9able \u00e0 porter autour du cou quelque soit la saison. Notre tissu en coton peign\u00e9 tient chaud et laisse respirer en m\u00eame temps. Disponible en 10 coloris, il y en a pour tous les go\u00fbts, des tons color\u00e9s ou plus discrets, aussi bien pour les femmes que pour les hommes.<\/p>\n<ul>\n<li><strong>Composition<\/strong> : Kikoy 100% coton Lavable \u00e0 30 degr\u00e9s<\/li>\n<\/ul>","protected":false},"featured_media":2493,"comment_status":"open","ping_status":"closed","template":"","meta":{"_acf_changed":false},"product_brand":[],"product_cat":[116,18],"product_tag":[],"class_list":{"0":"post-2474","1":"product","2":"type-product","3":"status-publish","4":"has-post-thumbnail","6":"product_cat-foulards","7":"product_cat-plage","9":"first","10":"instock","11":"taxable","12":"shipping-taxable","13":"purchasable","14":"product-type-simple"},"acf":[],"_links":{"self":[{"href":"https:\/\/ventdesud-biarritz.fr\/en\/wp-json\/wp\/v2\/product\/2474","targetHints":{"allow":["GET"]}}],"collection":[{"href":"https:\/\/ventdesud-biarritz.fr\/en\/wp-json\/wp\/v2\/product"}],"about":[{"href":"https:\/\/ventdesud-biarritz.fr\/en\/wp-json\/wp\/v2\/types\/product"}],"replies":[{"embeddable":true,"href":"https:\/\/ventdesud-biarritz.fr\/en\/wp-json\/wp\/v2\/comments?post=2474"}],"version-history":[{"count":1,"href":"https:\/\/ventdesud-biarritz.fr\/en\/wp-json\/wp\/v2\/product\/2474\/revisions"}],"predecessor-version":[{"id":2495,"href":"https:\/\/ventdesud-biarritz.fr\/en\/wp-json\/wp\/v2\/product\/2474\/revisions\/2495"}],"wp:featuredmedia":[{"embeddable":true,"href":"https:\/\/ventdesud-biarritz.fr\/en\/wp-json\/wp\/v2\/media\/2493"}],"wp:attachment":[{"href":"https:\/\/ventdesud-biarritz.fr\/en\/wp-json\/wp\/v2\/media?parent=2474"}],"wp:term":[{"taxonomy":"product_brand","embeddable":true,"href":"https:\/\/ventdesud-biarritz.fr\/en\/wp-json\/wp\/v2\/product_brand?post=2474"},{"taxonomy":"product_cat","embeddable":true,"href":"https:\/\/ventdesud-biarritz.fr\/en\/wp-json\/wp\/v2\/product_cat?post=2474"},{"taxonomy":"product_tag","embeddable":true,"href":"https:\/\/ventdesud-biarritz.fr\/en\/wp-json\/wp\/v2\/product_tag?post=2474"}],"curies":[{"name":"wp","href":"https:\/\/api.w.org\/{rel}","templated":true}]}}