{"id":2315,"date":"2024-05-02T08:59:24","date_gmt":"2024-05-02T08:59:24","guid":{"rendered":"https:\/\/ventdesud-biarritz.fr\/?post_type=product&#038;p=2315"},"modified":"2026-04-23T07:53:17","modified_gmt":"2026-04-23T07:53:17","slug":"neo-transat-rouge","status":"publish","type":"product","link":"https:\/\/ventdesud-biarritz.fr\/en\/product\/neo-transat-rouge\/","title":{"rendered":"Neo-Transat &#8211; Rouge"},"content":{"rendered":"","protected":false},"excerpt":{"rendered":"<p>Le Neo-Transat est une chaise de plage qui combine raffinement, astuce et l\u00e9g\u00e8ret\u00e9 ! Fabriqu\u00e9 avec du pin des Landes et une toile ultra r\u00e9sistante, vous n&rsquo;allez plus pouvoir vous en passer sur la plage. Et comme on nous le demande souvent : la longueur des b\u00e2tons est de 75cm, donc oui il rentre dans la plupart des valises pour vous suivre partout en voyage !<\/p>\n<ul>\n<li><strong>Composition<\/strong> : Toile de transat et pin des Landes<\/li>\n<\/ul>","protected":false},"featured_media":2362,"comment_status":"open","ping_status":"closed","template":"","meta":{"_acf_changed":false},"product_brand":[],"product_cat":[18,28],"product_tag":[],"class_list":{"0":"post-2315","1":"product","2":"type-product","3":"status-publish","4":"has-post-thumbnail","6":"product_cat-plage","7":"product_cat-neo-transat","9":"first","10":"instock","11":"taxable","12":"shipping-taxable","13":"purchasable","14":"product-type-simple"},"acf":[],"_links":{"self":[{"href":"https:\/\/ventdesud-biarritz.fr\/en\/wp-json\/wp\/v2\/product\/2315","targetHints":{"allow":["GET"]}}],"collection":[{"href":"https:\/\/ventdesud-biarritz.fr\/en\/wp-json\/wp\/v2\/product"}],"about":[{"href":"https:\/\/ventdesud-biarritz.fr\/en\/wp-json\/wp\/v2\/types\/product"}],"replies":[{"embeddable":true,"href":"https:\/\/ventdesud-biarritz.fr\/en\/wp-json\/wp\/v2\/comments?post=2315"}],"version-history":[{"count":1,"href":"https:\/\/ventdesud-biarritz.fr\/en\/wp-json\/wp\/v2\/product\/2315\/revisions"}],"predecessor-version":[{"id":2366,"href":"https:\/\/ventdesud-biarritz.fr\/en\/wp-json\/wp\/v2\/product\/2315\/revisions\/2366"}],"wp:featuredmedia":[{"embeddable":true,"href":"https:\/\/ventdesud-biarritz.fr\/en\/wp-json\/wp\/v2\/media\/2362"}],"wp:attachment":[{"href":"https:\/\/ventdesud-biarritz.fr\/en\/wp-json\/wp\/v2\/media?parent=2315"}],"wp:term":[{"taxonomy":"product_brand","embeddable":true,"href":"https:\/\/ventdesud-biarritz.fr\/en\/wp-json\/wp\/v2\/product_brand?post=2315"},{"taxonomy":"product_cat","embeddable":true,"href":"https:\/\/ventdesud-biarritz.fr\/en\/wp-json\/wp\/v2\/product_cat?post=2315"},{"taxonomy":"product_tag","embeddable":true,"href":"https:\/\/ventdesud-biarritz.fr\/en\/wp-json\/wp\/v2\/product_tag?post=2315"}],"curies":[{"name":"wp","href":"https:\/\/api.w.org\/{rel}","templated":true}]}}