{"id":2307,"date":"2024-05-02T08:59:06","date_gmt":"2024-05-02T08:59:06","guid":{"rendered":"https:\/\/ventdesud-biarritz.fr\/?post_type=product&#038;p=2307"},"modified":"2026-04-23T07:53:17","modified_gmt":"2026-04-23T07:53:17","slug":"neo-transat-turquoise","status":"publish","type":"product","link":"https:\/\/ventdesud-biarritz.fr\/en\/product\/neo-transat-turquoise\/","title":{"rendered":"Neo-Transat &#8211; Turquoise"},"content":{"rendered":"","protected":false},"excerpt":{"rendered":"<p>Le Neo-Transat est une chaise de plage qui combine raffinement, astuce et l\u00e9g\u00e8ret\u00e9 ! Fabriqu\u00e9 avec du pin des Landes et une toile ultra r\u00e9sistante, vous n&rsquo;allez plus pouvoir vous en passer sur la plage. Et comme on nous le demande souvent : la longueur des b\u00e2tons est de 75cm, donc oui il rentre dans la plupart des valises pour vous suivre partout en voyage !<\/p>\n<ul>\n<li><strong>Composition<\/strong> : Toile de transat et pin des Landes<\/li>\n<\/ul>","protected":false},"featured_media":2320,"comment_status":"open","ping_status":"closed","template":"","meta":{"_acf_changed":false},"product_brand":[],"product_cat":[18,28],"product_tag":[],"class_list":{"0":"post-2307","1":"product","2":"type-product","3":"status-publish","4":"has-post-thumbnail","6":"product_cat-plage","7":"product_cat-neo-transat","9":"first","10":"instock","11":"taxable","12":"shipping-taxable","13":"purchasable","14":"product-type-simple"},"acf":[],"_links":{"self":[{"href":"https:\/\/ventdesud-biarritz.fr\/en\/wp-json\/wp\/v2\/product\/2307","targetHints":{"allow":["GET"]}}],"collection":[{"href":"https:\/\/ventdesud-biarritz.fr\/en\/wp-json\/wp\/v2\/product"}],"about":[{"href":"https:\/\/ventdesud-biarritz.fr\/en\/wp-json\/wp\/v2\/types\/product"}],"replies":[{"embeddable":true,"href":"https:\/\/ventdesud-biarritz.fr\/en\/wp-json\/wp\/v2\/comments?post=2307"}],"version-history":[{"count":1,"href":"https:\/\/ventdesud-biarritz.fr\/en\/wp-json\/wp\/v2\/product\/2307\/revisions"}],"predecessor-version":[{"id":2322,"href":"https:\/\/ventdesud-biarritz.fr\/en\/wp-json\/wp\/v2\/product\/2307\/revisions\/2322"}],"wp:featuredmedia":[{"embeddable":true,"href":"https:\/\/ventdesud-biarritz.fr\/en\/wp-json\/wp\/v2\/media\/2320"}],"wp:attachment":[{"href":"https:\/\/ventdesud-biarritz.fr\/en\/wp-json\/wp\/v2\/media?parent=2307"}],"wp:term":[{"taxonomy":"product_brand","embeddable":true,"href":"https:\/\/ventdesud-biarritz.fr\/en\/wp-json\/wp\/v2\/product_brand?post=2307"},{"taxonomy":"product_cat","embeddable":true,"href":"https:\/\/ventdesud-biarritz.fr\/en\/wp-json\/wp\/v2\/product_cat?post=2307"},{"taxonomy":"product_tag","embeddable":true,"href":"https:\/\/ventdesud-biarritz.fr\/en\/wp-json\/wp\/v2\/product_tag?post=2307"}],"curies":[{"name":"wp","href":"https:\/\/api.w.org\/{rel}","templated":true}]}}