{"id":2230,"date":"2024-05-02T08:34:13","date_gmt":"2024-05-02T08:34:13","guid":{"rendered":"https:\/\/ventdesud-biarritz.fr\/?post_type=product&#038;p=2230"},"modified":"2026-04-23T07:52:14","modified_gmt":"2026-04-23T07:52:14","slug":"serviette-de-plage-en-kikoy-cap-ferret","status":"publish","type":"product","link":"https:\/\/ventdesud-biarritz.fr\/en\/product\/serviette-de-plage-en-kikoy-cap-ferret\/","title":{"rendered":"Serviette de plage en Kikoy &#8211; Cap Ferret"},"content":{"rendered":"","protected":false},"excerpt":{"rendered":"<p>La serviette de plage en Kikoy est un produit 2 en 1 d\u00e9sormais incontournable pour vos moments de d\u00e9tente \u00e0 la plage. D&rsquo;un c\u00f4t\u00e9 un tissu traditionnel d&rsquo;Afrique de l&rsquo;Est appel\u00e9 le Kikoy fabriqu\u00e9 avec du coton peign\u00e9. De l&rsquo;autre une fine serviette de plage en \u00e9ponge pour vous s\u00e9cher en revenant de votre baignade, avec une petite poche \u00e0 l&rsquo;int\u00e9rieur. Un Kikoy-serviette chic et pratique \u00e0 la fois.<\/p>\n<ul class=\"list list-unstyled mb-md-0 text-gray-500\">\n<li><strong>Composition<\/strong>\u00a0: Kikoy 100% coton &#8211; Serviette 65% coton\/35% polyester<\/li>\n<\/ul>","protected":false},"featured_media":2383,"comment_status":"open","ping_status":"closed","template":"","meta":{"_acf_changed":false},"product_brand":[],"product_cat":[18,91],"product_tag":[],"class_list":{"0":"post-2230","1":"product","2":"type-product","3":"status-publish","4":"has-post-thumbnail","6":"product_cat-plage","7":"product_cat-serviettes","9":"first","10":"instock","11":"taxable","12":"shipping-taxable","13":"purchasable","14":"product-type-simple"},"acf":[],"_links":{"self":[{"href":"https:\/\/ventdesud-biarritz.fr\/en\/wp-json\/wp\/v2\/product\/2230","targetHints":{"allow":["GET"]}}],"collection":[{"href":"https:\/\/ventdesud-biarritz.fr\/en\/wp-json\/wp\/v2\/product"}],"about":[{"href":"https:\/\/ventdesud-biarritz.fr\/en\/wp-json\/wp\/v2\/types\/product"}],"replies":[{"embeddable":true,"href":"https:\/\/ventdesud-biarritz.fr\/en\/wp-json\/wp\/v2\/comments?post=2230"}],"version-history":[{"count":1,"href":"https:\/\/ventdesud-biarritz.fr\/en\/wp-json\/wp\/v2\/product\/2230\/revisions"}],"predecessor-version":[{"id":2387,"href":"https:\/\/ventdesud-biarritz.fr\/en\/wp-json\/wp\/v2\/product\/2230\/revisions\/2387"}],"wp:featuredmedia":[{"embeddable":true,"href":"https:\/\/ventdesud-biarritz.fr\/en\/wp-json\/wp\/v2\/media\/2383"}],"wp:attachment":[{"href":"https:\/\/ventdesud-biarritz.fr\/en\/wp-json\/wp\/v2\/media?parent=2230"}],"wp:term":[{"taxonomy":"product_brand","embeddable":true,"href":"https:\/\/ventdesud-biarritz.fr\/en\/wp-json\/wp\/v2\/product_brand?post=2230"},{"taxonomy":"product_cat","embeddable":true,"href":"https:\/\/ventdesud-biarritz.fr\/en\/wp-json\/wp\/v2\/product_cat?post=2230"},{"taxonomy":"product_tag","embeddable":true,"href":"https:\/\/ventdesud-biarritz.fr\/en\/wp-json\/wp\/v2\/product_tag?post=2230"}],"curies":[{"name":"wp","href":"https:\/\/api.w.org\/{rel}","templated":true}]}}