{"id":1027,"date":"2023-04-20T11:47:35","date_gmt":"2023-04-20T11:47:35","guid":{"rendered":"https:\/\/dummy.xtemos.com\/woodmart2\/furniture2-elementor\/?page_id=31"},"modified":"2024-05-22T11:08:54","modified_gmt":"2024-05-22T11:08:54","slug":"laboutique","status":"publish","type":"page","link":"https:\/\/ventdesud-biarritz.fr\/en\/laboutique\/","title":{"rendered":"La boutique"},"content":{"rendered":"<div data-elementor-type=\"wp-page\" data-elementor-id=\"1027\" class=\"elementor elementor-1027\" data-elementor-post-type=\"page\">\n\t\t\t\t<div class=\"elementor-element elementor-element-2e91bac e-con-full e-flex e-con e-parent\" data-id=\"2e91bac\" data-element_type=\"container\" data-e-type=\"container\">\n\t\t\t\t<div class=\"elementor-element elementor-element-3f2be07 elementor-widget elementor-widget-heading\" data-id=\"3f2be07\" data-element_type=\"widget\" data-e-type=\"widget\" data-widget_type=\"heading.default\">\n\t\t\t\t\t<h1 class=\"elementor-heading-title elementor-size-default\">La boutique \u00e0 Biarritz <\/h1>\t\t\t\t<\/div>\n\t\t\t\t<div class=\"elementor-element elementor-element-b437af4 color-scheme-inherit text-left elementor-widget elementor-widget-text-editor\" data-id=\"b437af4\" data-element_type=\"widget\" data-e-type=\"widget\" data-widget_type=\"text-editor.default\">\n\t\t\t\t\t\t\t\t\t<p>En plein coeur de Biarritz, venez d\u00e9couvrir, notre s\u00e9lection de nappes, linge de table, de lit ou encore de bain. Plongez vous dans notre univers, entre Pays-Basque et montagne, entre plage et maison.\u00a0<\/p>\t\t\t\t\t\t\t\t<\/div>\n\t\t\t\t<\/div>\n\t\t<div class=\"wd-negative-gap elementor-element elementor-element-3673d2e e-flex e-con-boxed e-con e-parent\" data-id=\"3673d2e\" data-element_type=\"container\" data-e-type=\"container\">\n\t\t\t\t\t<div class=\"e-con-inner\">\n\t\t<div class=\"elementor-element elementor-element-88411b1 e-con-full e-flex e-con e-child\" data-id=\"88411b1\" data-element_type=\"container\" data-e-type=\"container\" data-settings=\"{&quot;background_background&quot;:&quot;classic&quot;}\">\n\t\t\t\t<div class=\"elementor-element elementor-element-1199340 elementor-widget elementor-widget-spacer\" data-id=\"1199340\" data-element_type=\"widget\" data-e-type=\"widget\" data-widget_type=\"spacer.default\">\n\t\t\t\t\t\t\t<div class=\"elementor-spacer\">\n\t\t\t<div class=\"elementor-spacer-inner\"><\/div>\n\t\t<\/div>\n\t\t\t\t\t\t<\/div>\n\t\t\t\t<\/div>\n\t\t<div class=\"elementor-element elementor-element-2b463b2 e-con-full e-flex e-con e-child\" data-id=\"2b463b2\" data-element_type=\"container\" data-e-type=\"container\" data-settings=\"{&quot;background_background&quot;:&quot;classic&quot;}\">\n\t\t\t\t<\/div>\n\t\t\t\t\t<\/div>\n\t\t\t\t<\/div>\n\t\t<div class=\"wd-negative-gap elementor-element elementor-element-c525bc1 e-flex e-con-boxed e-con e-parent\" data-id=\"c525bc1\" data-element_type=\"container\" data-e-type=\"container\">\n\t\t\t\t\t<div class=\"e-con-inner\">\n\t\t\t\t<div class=\"elementor-element elementor-element-3a8afcd elementor-widget elementor-widget-heading\" data-id=\"3a8afcd\" data-element_type=\"widget\" data-e-type=\"widget\" data-widget_type=\"heading.default\">\n\t\t\t\t\t<h2 class=\"elementor-heading-title elementor-size-default\">Ma vision des choses...<\/h2>\t\t\t\t<\/div>\n\t\t\t\t<div class=\"elementor-element elementor-element-ab7fa17 elementor-absolute elementor-widget elementor-widget-image\" data-id=\"ab7fa17\" data-element_type=\"widget\" data-e-type=\"widget\" data-settings=\"{&quot;_position&quot;:&quot;absolute&quot;}\" data-widget_type=\"image.default\">\n\t\t\t\t\t\t\t\t\t\t\t\t\t\t\t<img loading=\"lazy\" decoding=\"async\" width=\"826\" height=\"1024\" src=\"https:\/\/ventdesud-biarritz.fr\/wp-content\/themes\/woodmart\/images\/lazy.svg\" class=\"attachment-large size-large wp-image-4024 wd-lazy-fade\" alt=\"\" srcset=\"\" sizes=\"auto, (max-width: 826px) 100vw, 826px\" data-src=\"https:\/\/ventdesud-biarritz.fr\/wp-content\/uploads\/2024\/05\/plage-_navi-826x1024.png\" data-srcset=\"https:\/\/ventdesud-biarritz.fr\/wp-content\/uploads\/2024\/05\/plage-_navi-826x1024.png 826w, https:\/\/ventdesud-biarritz.fr\/wp-content\/uploads\/2024\/05\/plage-_navi-242x300.png 242w, https:\/\/ventdesud-biarritz.fr\/wp-content\/uploads\/2024\/05\/plage-_navi-768x952.png 768w, https:\/\/ventdesud-biarritz.fr\/wp-content\/uploads\/2024\/05\/plage-_navi-10x12.png 10w, https:\/\/ventdesud-biarritz.fr\/wp-content\/uploads\/2024\/05\/plage-_navi-150x186.png 150w, https:\/\/ventdesud-biarritz.fr\/wp-content\/uploads\/2024\/05\/plage-_navi.png 840w\" \/>\t\t\t\t\t\t\t\t\t\t\t\t\t\t\t<\/div>\n\t\t\t\t<div class=\"elementor-element elementor-element-3eca91d elementor-absolute elementor-widget elementor-widget-image\" data-id=\"3eca91d\" data-element_type=\"widget\" data-e-type=\"widget\" data-settings=\"{&quot;_position&quot;:&quot;absolute&quot;}\" data-widget_type=\"image.default\">\n\t\t\t\t\t\t\t\t\t\t\t\t\t\t\t<img loading=\"lazy\" decoding=\"async\" width=\"1024\" height=\"659\" src=\"https:\/\/ventdesud-biarritz.fr\/wp-content\/themes\/woodmart\/images\/lazy.svg\" class=\"attachment-large size-large wp-image-4020 wd-lazy-fade\" alt=\"\" srcset=\"\" sizes=\"auto, (max-width: 1024px) 100vw, 1024px\" data-src=\"https:\/\/ventdesud-biarritz.fr\/wp-content\/uploads\/2024\/05\/linge-de-table_navi-1024x659.png\" data-srcset=\"https:\/\/ventdesud-biarritz.fr\/wp-content\/uploads\/2024\/05\/linge-de-table_navi-1024x659.png 1024w, https:\/\/ventdesud-biarritz.fr\/wp-content\/uploads\/2024\/05\/linge-de-table_navi-300x193.png 300w, https:\/\/ventdesud-biarritz.fr\/wp-content\/uploads\/2024\/05\/linge-de-table_navi-768x494.png 768w, https:\/\/ventdesud-biarritz.fr\/wp-content\/uploads\/2024\/05\/linge-de-table_navi-18x12.png 18w, https:\/\/ventdesud-biarritz.fr\/wp-content\/uploads\/2024\/05\/linge-de-table_navi-150x97.png 150w, https:\/\/ventdesud-biarritz.fr\/wp-content\/uploads\/2024\/05\/linge-de-table_navi.png 1164w\" \/>\t\t\t\t\t\t\t\t\t\t\t\t\t\t\t<\/div>\n\t\t\t\t<div class=\"elementor-element elementor-element-eb97e94 color-scheme-inherit text-left elementor-widget elementor-widget-text-editor\" data-id=\"eb97e94\" data-element_type=\"widget\" data-e-type=\"widget\" data-widget_type=\"text-editor.default\">\n\t\t\t\t\t\t\t\t\t<p>Je suis ravi de vous pr\u00e9senter \u00ab\u00a0Vent de Sud\u00a0\u00bb, notre boutique de linge de maison nich\u00e9e au c\u0153ur de Biarritz. C&rsquo;est un projet qui me tient \u00e0 c\u0153ur depuis de nombreuses ann\u00e9es et que j&rsquo;ai enfin pu concr\u00e9tiser.<\/p><p>Tout a commenc\u00e9 par une passion pour les belles mati\u00e8res, les couleurs vives et les motifs audacieux. J&rsquo;ai toujours \u00e9t\u00e9 fascin\u00e9 par la fa\u00e7on dont le linge de maison peut transformer un espace et lui donner une \u00e2me. Mais je me suis vite rendu compte qu&rsquo;il \u00e9tait difficile de trouver des produits alliant qualit\u00e9, esth\u00e9tisme et \u00e9thique.<\/p><p>C&rsquo;est pourquoi j&rsquo;ai d\u00e9cid\u00e9 de cr\u00e9er \u00ab\u00a0Vent de Sud\u00a0\u00bb. Notre boutique propose une s\u00e9lection rigoureuse de linge de maison, de salle de bain, de lit, de nappes, mais aussi d&rsquo;accessoires pour la plage. Nous mettons un point d&rsquo;honneur \u00e0 travailler avec des fournisseurs fran\u00e7ais ou europ\u00e9ens, qui partagent nos valeurs et notre engagement pour une production responsable.<\/p><p>Nous croyons que la qualit\u00e9 est essentielle pour garantir la durabilit\u00e9 de nos produits. C&rsquo;est pourquoi nous privil\u00e9gions les mati\u00e8res naturelles, comme le lin, le coton ou la soie, et nous veillons \u00e0 ce que chaque pi\u00e8ce soit confectionn\u00e9e avec soin.<\/p><p>Mais \u00ab\u00a0Vent de Sud\u00a0\u00bb, ce n&rsquo;est pas seulement une boutique de linge de maison. C&rsquo;est aussi un lieu de partage et de convivialit\u00e9, o\u00f9 nous avons \u00e0 c\u0153ur de vous accueillir chaleureusement et de vous conseiller au mieux. Nous sommes convaincus que la d\u00e9coration d&rsquo;int\u00e9rieur est une affaire personnelle et nous nous engageons \u00e0 vous aider \u00e0 trouver les produits qui vous ressemblent.<\/p><p>Enfin, \u00ab\u00a0Vent de Sud\u00a0\u00bb est aussi un hommage \u00e0 notre belle r\u00e9gion, le Pays Basque. Nous sommes fiers de nos racines et nous avons \u00e0 c\u0153ur de les mettre en valeur \u00e0 travers nos produits. Nous esp\u00e9rons que notre boutique vous donnera envie de d\u00e9couvrir ou red\u00e9couvrir cette magnifique r\u00e9gion.<\/p><p>Merci de votre visite et \u00e0 bient\u00f4t chez \u00ab\u00a0Vent de Sud\u00a0\u00bb !<\/p>\t\t\t\t\t\t\t\t<\/div>\n\t\t\t\t\t<\/div>\n\t\t\t\t<\/div>\n\t\t<div class=\"wd-negative-gap elementor-element elementor-element-d7f24e9 e-flex e-con-boxed e-con e-parent\" data-id=\"d7f24e9\" data-element_type=\"container\" data-e-type=\"container\">\n\t\t\t\t\t<div class=\"e-con-inner\">\n\t\t<div class=\"elementor-element elementor-element-1f8ab58 e-con-full e-flex e-con e-child\" data-id=\"1f8ab58\" data-element_type=\"container\" data-e-type=\"container\" data-settings=\"{&quot;background_background&quot;:&quot;classic&quot;}\">\n\t\t\t\t<\/div>\n\t\t<div class=\"elementor-element elementor-element-86f97f2 e-con-full e-flex e-con e-child\" data-id=\"86f97f2\" data-element_type=\"container\" data-e-type=\"container\" data-settings=\"{&quot;background_background&quot;:&quot;classic&quot;}\">\n\t\t\t\t<div class=\"elementor-element elementor-element-5baa9e1 elementor-widget elementor-widget-spacer\" data-id=\"5baa9e1\" data-element_type=\"widget\" data-e-type=\"widget\" data-widget_type=\"spacer.default\">\n\t\t\t\t\t\t\t<div class=\"elementor-spacer\">\n\t\t\t<div class=\"elementor-spacer-inner\"><\/div>\n\t\t<\/div>\n\t\t\t\t\t\t<\/div>\n\t\t\t\t<\/div>\n\t\t\t\t\t<\/div>\n\t\t\t\t<\/div>\n\t\t<div class=\"wd-negative-gap elementor-element elementor-element-431e1d0 e-flex e-con-boxed e-con e-parent\" data-id=\"431e1d0\" data-element_type=\"container\" data-e-type=\"container\">\n\t\t\t\t\t<div class=\"e-con-inner\">\n\t\t\t\t<div class=\"elementor-element elementor-element-95a7f0c elementor-widget elementor-widget-google_maps\" data-id=\"95a7f0c\" data-element_type=\"widget\" data-e-type=\"widget\" data-widget_type=\"google_maps.default\">\n\t\t\t\t\t\t\t<div class=\"elementor-custom-embed\">\n\t\t\t<iframe loading=\"lazy\"\n\t\t\t\t\tsrc=\"https:\/\/maps.google.com\/maps?q=Vent%20de%20sud%20biarrtiz&#038;t=m&#038;z=10&#038;output=embed&#038;iwloc=near\"\n\t\t\t\t\ttitle=\"Vent de sud biarrtiz\"\n\t\t\t\t\taria-label=\"Vent de sud biarrtiz\"\n\t\t\t><\/iframe>\n\t\t<\/div>\n\t\t\t\t\t\t<\/div>\n\t\t\t\t\t<\/div>\n\t\t\t\t<\/div>\n\t\t\t\t<\/div>","protected":false},"excerpt":{"rendered":"<p>La boutique \u00e0 Biarritz En plein coeur de Biarritz, venez d\u00e9couvrir, notre s\u00e9lection de nappes, linge de table, de lit<\/p>","protected":false},"author":1,"featured_media":0,"parent":0,"menu_order":0,"comment_status":"closed","ping_status":"closed","template":"elementor_header_footer","meta":{"_acf_changed":false,"footnotes":""},"class_list":["post-1027","page","type-page","status-publish","hentry"],"acf":[],"_links":{"self":[{"href":"https:\/\/ventdesud-biarritz.fr\/en\/wp-json\/wp\/v2\/pages\/1027","targetHints":{"allow":["GET"]}}],"collection":[{"href":"https:\/\/ventdesud-biarritz.fr\/en\/wp-json\/wp\/v2\/pages"}],"about":[{"href":"https:\/\/ventdesud-biarritz.fr\/en\/wp-json\/wp\/v2\/types\/page"}],"author":[{"embeddable":true,"href":"https:\/\/ventdesud-biarritz.fr\/en\/wp-json\/wp\/v2\/users\/1"}],"replies":[{"embeddable":true,"href":"https:\/\/ventdesud-biarritz.fr\/en\/wp-json\/wp\/v2\/comments?post=1027"}],"version-history":[{"count":17,"href":"https:\/\/ventdesud-biarritz.fr\/en\/wp-json\/wp\/v2\/pages\/1027\/revisions"}],"predecessor-version":[{"id":4063,"href":"https:\/\/ventdesud-biarritz.fr\/en\/wp-json\/wp\/v2\/pages\/1027\/revisions\/4063"}],"wp:attachment":[{"href":"https:\/\/ventdesud-biarritz.fr\/en\/wp-json\/wp\/v2\/media?parent=1027"}],"curies":[{"name":"wp","href":"https:\/\/api.w.org\/{rel}","templated":true}]}}