{"id":8084,"date":"2024-07-25T09:30:42","date_gmt":"2024-07-25T09:30:42","guid":{"rendered":"https:\/\/ventdesud-biarritz.fr\/?post_type=product&#038;p=8084"},"modified":"2024-08-08T07:55:21","modified_gmt":"2024-08-08T07:55:21","slug":"jete-de-lit-ou-de-canape-jet47","status":"publish","type":"product","link":"http:\/\/ventdesud-biarritz.fr\/en\/product\/jete-de-lit-ou-de-canape-jet47\/","title":{"rendered":"Jet\u00e9 de Lit ou de Canap\u00e9 (Jet47)"},"content":{"rendered":"<p>Fil coton recycl\u00e9 certifi\u00e9 OEKO-TEX<\/p>","protected":false},"excerpt":{"rendered":"<p>100% coton 190gr\/m\u00b2 &#8211; Jet\u00e9 de lit ou canap\u00e9 &#8211; tissage \u00e0 plat 200x300cm<\/p>","protected":false},"featured_media":8124,"comment_status":"open","ping_status":"closed","template":"","meta":{"_acf_changed":false},"product_brand":[],"product_cat":[360,93,339],"product_tag":[],"class_list":{"0":"post-8084","1":"product","2":"type-product","3":"status-publish","4":"has-post-thumbnail","6":"product_cat-bouquet-foutas-3mx2m","7":"product_cat-fouta","8":"product_cat-foutas-3mx2m","10":"first","11":"instock","12":"taxable","13":"shipping-taxable","14":"purchasable","15":"product-type-simple"},"acf":[],"_links":{"self":[{"href":"http:\/\/ventdesud-biarritz.fr\/en\/wp-json\/wp\/v2\/product\/8084","targetHints":{"allow":["GET"]}}],"collection":[{"href":"http:\/\/ventdesud-biarritz.fr\/en\/wp-json\/wp\/v2\/product"}],"about":[{"href":"http:\/\/ventdesud-biarritz.fr\/en\/wp-json\/wp\/v2\/types\/product"}],"replies":[{"embeddable":true,"href":"http:\/\/ventdesud-biarritz.fr\/en\/wp-json\/wp\/v2\/comments?post=8084"}],"version-history":[{"count":1,"href":"http:\/\/ventdesud-biarritz.fr\/en\/wp-json\/wp\/v2\/product\/8084\/revisions"}],"predecessor-version":[{"id":8125,"href":"http:\/\/ventdesud-biarritz.fr\/en\/wp-json\/wp\/v2\/product\/8084\/revisions\/8125"}],"wp:featuredmedia":[{"embeddable":true,"href":"http:\/\/ventdesud-biarritz.fr\/en\/wp-json\/wp\/v2\/media\/8124"}],"wp:attachment":[{"href":"http:\/\/ventdesud-biarritz.fr\/en\/wp-json\/wp\/v2\/media?parent=8084"}],"wp:term":[{"taxonomy":"product_brand","embeddable":true,"href":"http:\/\/ventdesud-biarritz.fr\/en\/wp-json\/wp\/v2\/product_brand?post=8084"},{"taxonomy":"product_cat","embeddable":true,"href":"http:\/\/ventdesud-biarritz.fr\/en\/wp-json\/wp\/v2\/product_cat?post=8084"},{"taxonomy":"product_tag","embeddable":true,"href":"http:\/\/ventdesud-biarritz.fr\/en\/wp-json\/wp\/v2\/product_tag?post=8084"}],"curies":[{"name":"wp","href":"https:\/\/api.w.org\/{rel}","templated":true}]}}