{"id":2397,"date":"2024-05-02T09:17:23","date_gmt":"2024-05-02T09:17:23","guid":{"rendered":"https:\/\/ventdesud-biarritz.fr\/?post_type=product&#038;p=2397"},"modified":"2024-08-02T15:15:26","modified_gmt":"2024-08-02T15:15:26","slug":"drap-de-plage-xxl-en-kikoy-martin","status":"publish","type":"product","link":"http:\/\/ventdesud-biarritz.fr\/en\/product\/drap-de-plage-xxl-en-kikoy-martin\/","title":{"rendered":"Drap de plage XXL en Kikoy &#8211; Martin"},"content":{"rendered":"","protected":false},"excerpt":{"rendered":"<p>Le drap de plage XXL dont vous avez toujours r\u00eav\u00e9e pour \u00eatre tranquille sur la plage, seule ou bien accompagn\u00e9. Un drap de plage familial maxi grand format pour 240x145cm de bonheur et de tranquillit\u00e9. Il sera id\u00e9al aussi en nappe pour vos tables de jardin ou pour partir en pique-nique. Fabriqu\u00e9 au Kenya avec du Kikoy 100% coton peign\u00e9, votre drap de plage XXL reste tr\u00e8s l\u00e9ger et facile \u00e0 emporter.<\/p>\n<ul>\n<li><strong>Composition<\/strong> : Kikoy 100% coton<\/li>\n<\/ul>","protected":false},"featured_media":2407,"comment_status":"open","ping_status":"closed","template":"","meta":{"_acf_changed":false},"product_brand":[],"product_cat":[18,114],"product_tag":[],"class_list":{"0":"post-2397","1":"product","2":"type-product","3":"status-publish","4":"has-post-thumbnail","6":"product_cat-plage","7":"product_cat-drap-de-plage-xxl","9":"first","10":"instock","11":"taxable","12":"shipping-taxable","13":"purchasable","14":"product-type-simple"},"acf":[],"_links":{"self":[{"href":"http:\/\/ventdesud-biarritz.fr\/en\/wp-json\/wp\/v2\/product\/2397","targetHints":{"allow":["GET"]}}],"collection":[{"href":"http:\/\/ventdesud-biarritz.fr\/en\/wp-json\/wp\/v2\/product"}],"about":[{"href":"http:\/\/ventdesud-biarritz.fr\/en\/wp-json\/wp\/v2\/types\/product"}],"replies":[{"embeddable":true,"href":"http:\/\/ventdesud-biarritz.fr\/en\/wp-json\/wp\/v2\/comments?post=2397"}],"version-history":[{"count":1,"href":"http:\/\/ventdesud-biarritz.fr\/en\/wp-json\/wp\/v2\/product\/2397\/revisions"}],"predecessor-version":[{"id":2409,"href":"http:\/\/ventdesud-biarritz.fr\/en\/wp-json\/wp\/v2\/product\/2397\/revisions\/2409"}],"wp:featuredmedia":[{"embeddable":true,"href":"http:\/\/ventdesud-biarritz.fr\/en\/wp-json\/wp\/v2\/media\/2407"}],"wp:attachment":[{"href":"http:\/\/ventdesud-biarritz.fr\/en\/wp-json\/wp\/v2\/media?parent=2397"}],"wp:term":[{"taxonomy":"product_brand","embeddable":true,"href":"http:\/\/ventdesud-biarritz.fr\/en\/wp-json\/wp\/v2\/product_brand?post=2397"},{"taxonomy":"product_cat","embeddable":true,"href":"http:\/\/ventdesud-biarritz.fr\/en\/wp-json\/wp\/v2\/product_cat?post=2397"},{"taxonomy":"product_tag","embeddable":true,"href":"http:\/\/ventdesud-biarritz.fr\/en\/wp-json\/wp\/v2\/product_tag?post=2397"}],"curies":[{"name":"wp","href":"https:\/\/api.w.org\/{rel}","templated":true}]}}