{"id":2244,"date":"2024-05-02T08:44:44","date_gmt":"2024-05-02T08:44:44","guid":{"rendered":"https:\/\/ventdesud-biarritz.fr\/?post_type=product&#038;p=2244"},"modified":"2026-04-23T08:04:27","modified_gmt":"2026-04-23T08:04:27","slug":"eventail-tissu-coton-et-bois-tiwi","status":"publish","type":"product","link":"http:\/\/ventdesud-biarritz.fr\/en\/product\/eventail-tissu-coton-et-bois-tiwi\/","title":{"rendered":"Eventail tissu coton et bois &#8211; Tiwi"},"content":{"rendered":"","protected":false},"excerpt":{"rendered":"<p>L&rsquo;\u00e9ventail Simone et Georges est parfait pour se rafraichir et s&rsquo;\u00e9venter en \u00e9t\u00e9. Il est fait avec du tissu coton et du bois tout simplement. Et en plus il est color\u00e9 !<\/p>\n<ul>\n<li><strong>Composition<\/strong> : Tissu coton imprim\u00e9 et bois<\/li>\n<\/ul>","protected":false},"featured_media":2278,"comment_status":"open","ping_status":"closed","template":"","meta":{"_acf_changed":false},"product_brand":[],"product_cat":[18,113],"product_tag":[],"class_list":{"0":"post-2244","1":"product","2":"type-product","3":"status-publish","4":"has-post-thumbnail","6":"product_cat-plage","7":"product_cat-eventails-en-tissu","9":"first","10":"instock","11":"taxable","12":"shipping-taxable","13":"purchasable","14":"product-type-simple"},"acf":[],"_links":{"self":[{"href":"http:\/\/ventdesud-biarritz.fr\/en\/wp-json\/wp\/v2\/product\/2244","targetHints":{"allow":["GET"]}}],"collection":[{"href":"http:\/\/ventdesud-biarritz.fr\/en\/wp-json\/wp\/v2\/product"}],"about":[{"href":"http:\/\/ventdesud-biarritz.fr\/en\/wp-json\/wp\/v2\/types\/product"}],"replies":[{"embeddable":true,"href":"http:\/\/ventdesud-biarritz.fr\/en\/wp-json\/wp\/v2\/comments?post=2244"}],"version-history":[{"count":2,"href":"http:\/\/ventdesud-biarritz.fr\/en\/wp-json\/wp\/v2\/product\/2244\/revisions"}],"predecessor-version":[{"id":2281,"href":"http:\/\/ventdesud-biarritz.fr\/en\/wp-json\/wp\/v2\/product\/2244\/revisions\/2281"}],"wp:featuredmedia":[{"embeddable":true,"href":"http:\/\/ventdesud-biarritz.fr\/en\/wp-json\/wp\/v2\/media\/2278"}],"wp:attachment":[{"href":"http:\/\/ventdesud-biarritz.fr\/en\/wp-json\/wp\/v2\/media?parent=2244"}],"wp:term":[{"taxonomy":"product_brand","embeddable":true,"href":"http:\/\/ventdesud-biarritz.fr\/en\/wp-json\/wp\/v2\/product_brand?post=2244"},{"taxonomy":"product_cat","embeddable":true,"href":"http:\/\/ventdesud-biarritz.fr\/en\/wp-json\/wp\/v2\/product_cat?post=2244"},{"taxonomy":"product_tag","embeddable":true,"href":"http:\/\/ventdesud-biarritz.fr\/en\/wp-json\/wp\/v2\/product_tag?post=2244"}],"curies":[{"name":"wp","href":"https:\/\/api.w.org\/{rel}","templated":true}]}}